{"id":11919,"date":"2023-07-11T19:10:17","date_gmt":"2023-07-11T16:10:17","guid":{"rendered":"https:\/\/fillipartner.md\/v2023_ar\/?page_id=11919"},"modified":"2023-07-25T18:46:57","modified_gmt":"2023-07-25T15:46:57","slug":"city-plaza","status":"publish","type":"page","link":"https:\/\/fillipartner.md\/v2023_ar\/city-plaza\/","title":{"rendered":"City Plaza"},"content":{"rendered":"<p>[vc_row][vc_column][vc_column_text]<p>[\/vc_column_text][\/vc_column][\/vc_row][vc_row content_placement=&#187;middle&#187; row_content_width=&#187;grid&#187; css=&#187;.vc_custom_1641384717095{padding-bottom: 100px !important;}&#187;][vc_column css=&#187;.vc_custom_1553513629755{padding-right: 0px !important;padding-left: 0px !important;}&#187; offset=&#187;vc_col-lg-6 vc_col-md-12&#8243;]<div class=\"mkdf-elements-holder   mkdf-two-columns  mkdf-responsive-mode-1024 \" ><div class=\"mkdf-eh-item    \"  data-item-class=\"mkdf-eh-custom-5490\">\n\t<div class=\"mkdf-eh-item-inner\">\n\t\t<div class=\"mkdf-eh-item-content mkdf-eh-custom-5490\" >\n\t\t\t[vc_column_text]<\/p>\n<h3>Despre complex<\/h3>\n<p>[\/vc_column_text][vc_empty_space height=&#187;13px&#187;][vc_column_text]\u00cen 2023, am lansat un nou proiect combin\u00e2nd ansamblul reziden\u021bial \u0219i comercial CITY PLAZA, care este situat \u00een ora\u0219ul Ungheni, str. Vasile Lupu 3A \/ 3B. Ne-am propus sarcina ambi\u021bioas\u0103 de a construi o locuin\u021ba la care a\u021bi visat mereu, folosind cele mai noi materiale, tehnologii \u0219i comunica\u021bii, astfel \u00eenc\u00e2t s\u0103 v\u0103 bucura\u021bi de ea pe termen lung. Pere\u021bii sunt construiti din c\u0103r\u0103mid\u0103 ro\u0219ie Brikston, izola\u021bie cu vat\u0103 mineral\u0103, apartamentele sunt \u00een versiunea alba, sistem individual de \u00eenc\u0103lzire, geamuri termopan, u\u0219\u0103 blindat\u0103, re\u0163elele de electricitate, canalizare, apa\/incalzire sunt trase. CITY PLAZA este situat pe aceea\u0219i platform\u0103 cu magazinul KAUFLAND, Centru Comercial DELIA MALL \u0219i Complexul Reziden\u021bial DELIA CITY \u00een centrul ora\u0219ului, ceea ce creaz\u0103 o platforma unic\u0103 din ora\u0219 unde toate facilit\u0103\u021bile sunt la c\u00e2\u021biva pa\u0219i. \u00cen incinta CITY PLAZA va fi amplasat SPA Centru pe o suprafa\u021b\u0103 de peste de peste 2200 m2 care combin\u0103 o gam\u0103 complet\u0103 de servicii fitness \u0219i SPA, fiind unic \u00een ora\u0219ul Ungheni. Este o loca\u021bie ideal\u0103 pentru \u00eentreaga familie, pun\u00e2nd la dispozi\u021bia fiec\u0103ruia, piscin\u0103 cu o lungime de 25 m, 2 piscine a c\u00e2te 7 m pentru adolescen\u021bi \u0219i cei micu\u021bi, s\u0103li dotate cu echipamente sportive inovatoare, saune de diverse tipuri, s\u0103li pentru copii \u0219i multe altele. Drept urmare, proiectul va fi finalizat \u0219i va fi dat \u00een exploatare la \u00eenceputul anului 2025.[\/vc_column_text]\t\t<\/div>\n\t<\/div>\n<\/div><\/div>[\/vc_column][vc_column offset=&#187;vc_col-lg-6 vc_col-md-12&#8243;]<div class=\"mkdf-elements-holder   mkdf-two-columns  mkdf-responsive-mode-1024 \" ><div class=\"mkdf-eh-item    \"  data-item-class=\"mkdf-eh-custom-5165\">\n\t<div class=\"mkdf-eh-item-inner\">\n\t\t<div class=\"mkdf-eh-item-content mkdf-eh-custom-5165\" >\n\t\t\t<div class=\"mkdf-single-image-holder    \">\n    <div class=\"mkdf-si-inner\" >\n                                    <img loading=\"lazy\" decoding=\"async\" width=\"2429\" height=\"1355\" src=\"https:\/\/fillipartner.md\/v2023_ar\/wp-content\/uploads\/2023\/07\/PHOTO-NR.-2.jpg\" class=\"attachment-full size-full\" alt=\"\" srcset=\"https:\/\/fillipartner.md\/v2023_ar\/wp-content\/uploads\/2023\/07\/PHOTO-NR.-2.jpg 2429w, https:\/\/fillipartner.md\/v2023_ar\/wp-content\/uploads\/2023\/07\/PHOTO-NR.-2-300x167.jpg 300w, https:\/\/fillipartner.md\/v2023_ar\/wp-content\/uploads\/2023\/07\/PHOTO-NR.-2-1024x571.jpg 1024w, https:\/\/fillipartner.md\/v2023_ar\/wp-content\/uploads\/2023\/07\/PHOTO-NR.-2-768x428.jpg 768w, https:\/\/fillipartner.md\/v2023_ar\/wp-content\/uploads\/2023\/07\/PHOTO-NR.-2-1536x857.jpg 1536w\" sizes=\"auto, (max-width: 2429px) 100vw, 2429px\" \/>                        <\/div>\n<\/div>\t\t<\/div>\n\t<\/div>\n<\/div><\/div>[\/vc_column][\/vc_row][vc_row][vc_column][vc_column_text]<\/p>\n<p>\n<br \/>[\/vc_column_text][\/vc_column][\/vc_row][vc_row row_content_width=&#187;grid&#187; content_text_aligment=&#187;center&#187; css=&#187;.vc_custom_1628587138228{padding-top: 150px !important;}&#187;][vc_column]<div class=\"mkdf-section-title-holder  \" style=\"text-align: center\">\n\t<div class=\"mkdf-st-inner\">\n\t\t\t\t\t\t\t<h2 class=\"mkdf-st-title\" >\n\t\t\t\tAvantajele City Plaza\t\t\t<\/h2>\n\t\t\t\t\t\t\t<div class=\"mkdf-st-line\"><\/div>\n\t\t\t\t\t\n\t\t\t\t\t<\/div>\n<\/div>[\/vc_column][\/vc_row][vc_row row_content_width=&#187;grid&#187; css=&#187;.vc_custom_1640255008935{padding-top: 75px !important;padding-bottom: 50px !important;}&#187;][vc_column offset=&#187;vc_col-lg-4 vc_col-md-4&#8243;]<div class=\"mkdf-elements-holder   mkdf-one-column  mkdf-responsive-mode-768 \" ><div class=\"mkdf-eh-item    \"  data-item-class=\"mkdf-eh-custom-3940\" data-1025-1366=\"0px 0px 0px 0px\" data-769-1024=\"0px 2px 0px 13px\" data-681-768=\"0px 50px 0px 0px\" data-680=\"0px 11px 0px 0px\">\n\t<div class=\"mkdf-eh-item-inner\">\n\t\t<div class=\"mkdf-eh-item-content mkdf-eh-custom-3940\" style=\"padding: 0px 50px 0px 13px\">\n\t\t\t<div class=\"mkdf-iwt clearfix   mkdf-iwt-icon-left mkdf-iwt-icon-medium\">\n\t<div class=\"mkdf-iwt-icon\">\n\t\t\t\t\t\t\t\t\t    <span class=\"mkdf-icon-shortcode mkdf-normal   mkdf-icon-medium\"  data-color=\"#ffffff\">\n                    <span aria-hidden=\"true\" class=\"mkdf-icon-linear-icons lnr lnr-home mkdf-icon-element\" style=\"color: #ffffff;font-size:30px\" ><\/span>            <\/span>\n\t\t\t\t\t\t<\/div>\n\t<div class=\"mkdf-iwt-content\" style=\"padding-left: 21px\">\n\t\t\t\t\t<h5 class=\"mkdf-iwt-title\" style=\"margin-top: 5px\">\n\t\t\t\t\t\t\t\t<span class=\"mkdf-iwt-title-text\">COMPLEXUL NOSTRU<\/span>\n\t\t\t\t\t\t\t<\/h5>\n\t\t\t\t\t\t\t<p class=\"mkdf-iwt-text\" style=\"margin-top: 17px\">Proiectul se remarc\u0103 prin aten\u021bia acordat\u0103 detaliilor \u0219i designului. Confortul familiei dumneavoastr\u0103 \u00een apartamentele noastre \u0219i afacerea dumneavoastr\u0103 de succes \u00een spa\u021biul nostru comercial, aceasta este cea mai bun\u0103 recompens\u0103 pentru noi.<\/p>\n\t\t\t<\/div>\n<\/div>\t\t<\/div>\n\t<\/div>\n<\/div><\/div>[\/vc_column][vc_column offset=&#187;vc_col-lg-4 vc_col-md-4&#8243;]<div class=\"mkdf-elements-holder   mkdf-one-column  mkdf-responsive-mode-768 \" ><div class=\"mkdf-eh-item    \"  data-item-class=\"mkdf-eh-custom-9887\" data-1025-1366=\"0px 0px 0px 0px\" data-769-1024=\"0px 0px 0px 11px\" data-681-768=\"66px 50px 0px 0px\" data-680=\"66px 11px 0px 0px\">\n\t<div class=\"mkdf-eh-item-inner\">\n\t\t<div class=\"mkdf-eh-item-content mkdf-eh-custom-9887\" style=\"padding: 0px 30px 0px 33px\">\n\t\t\t<div class=\"mkdf-iwt clearfix   mkdf-iwt-icon-left mkdf-iwt-icon-medium\">\n\t<div class=\"mkdf-iwt-icon\">\n\t\t\t\t\t\t\t\t\t    <span class=\"mkdf-icon-shortcode mkdf-normal   mkdf-icon-medium\"  data-color=\"#ffffff\">\n                    <span aria-hidden=\"true\" class=\"mkdf-icon-linear-icons lnr lnr-apartment mkdf-icon-element\" style=\"color: #ffffff;font-size:30px\" ><\/span>            <\/span>\n\t\t\t\t\t\t<\/div>\n\t<div class=\"mkdf-iwt-content\" style=\"padding-left: 21px\">\n\t\t\t\t\t<h5 class=\"mkdf-iwt-title\" style=\"margin-top: 5px\">\n\t\t\t\t\t\t\t\t<span class=\"mkdf-iwt-title-text\">DESIGN COMFORT \u0218I UNIC<\/span>\n\t\t\t\t\t\t\t<\/h5>\n\t\t\t\t\t\t\t<p class=\"mkdf-iwt-text\" style=\"margin-top: 17px\">Designul nostru difer\u0103 de alte complexe deoarece dorim s\u0103 oferim unicitate pe pia\u021b\u0103. Creem o platforma unic\u0103 in inima ora\u0219ului unde toate facilit\u0103\u021bile sunt la c\u00e2\u021biva pa\u0219i.<\/p>\n\t\t\t<\/div>\n<\/div>\t\t<\/div>\n\t<\/div>\n<\/div><\/div>[\/vc_column][vc_column offset=&#187;vc_col-lg-4 vc_col-md-4&#8243;]<div class=\"mkdf-elements-holder   mkdf-one-column  mkdf-responsive-mode-768 \" ><div class=\"mkdf-eh-item    \"  data-item-class=\"mkdf-eh-custom-6362\" data-1025-1366=\"0px 0px 0px 0px\" data-769-1024=\"0px 9px 0px 0px\" data-681-768=\"68px 50px 0px 0px\" data-680=\"66px 11px 0px 0px\">\n\t<div class=\"mkdf-eh-item-inner\">\n\t\t<div class=\"mkdf-eh-item-content mkdf-eh-custom-6362\" style=\"padding: 0px 30px 0px 37px\">\n\t\t\t<div class=\"mkdf-iwt clearfix   mkdf-iwt-icon-left mkdf-iwt-icon-medium\">\n\t<div class=\"mkdf-iwt-icon\">\n\t\t\t\t\t\t\t\t\t    <span class=\"mkdf-icon-shortcode mkdf-normal   mkdf-icon-medium\"  data-color=\"#ffffff\">\n                    <span aria-hidden=\"true\" class=\"mkdf-icon-linear-icons lnr lnr-earth mkdf-icon-element\" style=\"color: #ffffff;font-size:30px\" ><\/span>            <\/span>\n\t\t\t\t\t\t<\/div>\n\t<div class=\"mkdf-iwt-content\" style=\"padding-left: 21px\">\n\t\t\t\t\t<h5 class=\"mkdf-iwt-title\" style=\"margin-top: 5px\">\n\t\t\t\t\t\t\t\t<span class=\"mkdf-iwt-title-text\">CORESPUNDE CELOR MAI NOI TENDINTE<\/span>\n\t\t\t\t\t\t\t<\/h5>\n\t\t\t\t\t\t\t<p class=\"mkdf-iwt-text\" style=\"margin-top: 17px\">CITY PLAZA este construit pe noile tehnologii \u0219i cerin\u021bele pie\u021bei.<\/p>\n\t\t\t<\/div>\n<\/div>\t\t<\/div>\n\t<\/div>\n<\/div><\/div>[\/vc_column][\/vc_row][vc_row row_content_width=&#187;grid&#187; css=&#187;.vc_custom_1631198676303{padding-bottom: 142px !important;}&#187;][vc_column offset=&#187;vc_col-lg-4 vc_col-md-4&#8243;]<div class=\"mkdf-elements-holder   mkdf-one-column  mkdf-responsive-mode-768 \" ><div class=\"mkdf-eh-item    \"  data-item-class=\"mkdf-eh-custom-4226\" data-1025-1366=\"0px 0px 0px 0px\" data-769-1024=\"0px 2px 0px 13px\" data-681-768=\"0px 50px 0px 0px\" data-680=\"0px 11px 0px 0px\">\n\t<div class=\"mkdf-eh-item-inner\">\n\t\t<div class=\"mkdf-eh-item-content mkdf-eh-custom-4226\" style=\"padding: 0px 50px 0px 13px\">\n\t\t\t<div class=\"mkdf-iwt clearfix   mkdf-iwt-icon-left mkdf-iwt-icon-medium\">\n\t<div class=\"mkdf-iwt-icon\">\n\t\t\t\t\t\t\t\t\t    <span class=\"mkdf-icon-shortcode mkdf-normal   mkdf-icon-medium\"  data-color=\"#ffffff\">\n                    <span aria-hidden=\"true\" class=\"mkdf-icon-linear-icons lnr lnr-cog mkdf-icon-element\" style=\"color: #ffffff;font-size:30px\" ><\/span>            <\/span>\n\t\t\t\t\t\t<\/div>\n\t<div class=\"mkdf-iwt-content\" style=\"padding-left: 21px\">\n\t\t\t\t\t<h5 class=\"mkdf-iwt-title\" style=\"margin-top: 5px\">\n\t\t\t\t\t\t\t\t<span class=\"mkdf-iwt-title-text\">MATERIALE MAI BUNE<\/span>\n\t\t\t\t\t\t\t<\/h5>\n\t\t\t\t\t\t\t<p class=\"mkdf-iwt-text\" style=\"margin-top: 17px\">Folosim cele mai bune materiale \u0219i cele mai noi tehnologii care s-au dovedit a fi cele mai bune din industria construc\u021biilor.<\/p>\n\t\t\t<\/div>\n<\/div>\t\t<\/div>\n\t<\/div>\n<\/div><\/div>[\/vc_column][vc_column offset=&#187;vc_col-lg-4 vc_col-md-4&#8243;]<div class=\"mkdf-elements-holder   mkdf-one-column  mkdf-responsive-mode-768 \" ><div class=\"mkdf-eh-item    \"  data-item-class=\"mkdf-eh-custom-1631\" data-1025-1366=\"0px 0px 0px 0px\" data-769-1024=\"0px 0px 0px 11px\" data-681-768=\"66px 50px 0px 0px\" data-680=\"66px 11px 0px 0px\">\n\t<div class=\"mkdf-eh-item-inner\">\n\t\t<div class=\"mkdf-eh-item-content mkdf-eh-custom-1631\" style=\"padding: 0px 30px 0px 33px\">\n\t\t\t<div class=\"mkdf-iwt clearfix   mkdf-iwt-icon-left mkdf-iwt-icon-medium\">\n\t<div class=\"mkdf-iwt-icon\">\n\t\t\t\t\t\t\t\t\t    <span class=\"mkdf-icon-shortcode mkdf-normal   mkdf-icon-medium\"  data-color=\"#ffffff\">\n                    <span aria-hidden=\"true\" class=\"mkdf-icon-linear-icons lnr lnr-leaf mkdf-icon-element\" style=\"color: #ffffff;font-size:30px\" ><\/span>            <\/span>\n\t\t\t\t\t\t<\/div>\n\t<div class=\"mkdf-iwt-content\" style=\"padding-left: 21px\">\n\t\t\t\t\t<h5 class=\"mkdf-iwt-title\" style=\"margin-top: 5px\">\n\t\t\t\t\t\t\t\t<span class=\"mkdf-iwt-title-text\">ECO FRIENDLY<\/span>\n\t\t\t\t\t\t\t<\/h5>\n\t\t\t\t\t\t\t<p class=\"mkdf-iwt-text\" style=\"margin-top: 17px\">Folosim materiale \u0219i tehnologii ecologice disponibile \u00een industria construc\u021biilor.<\/p>\n\t\t\t<\/div>\n<\/div>\t\t<\/div>\n\t<\/div>\n<\/div><\/div>[\/vc_column][vc_column offset=&#187;vc_col-lg-4 vc_col-md-4&#8243;]<div class=\"mkdf-elements-holder   mkdf-one-column  mkdf-responsive-mode-768 \" ><div class=\"mkdf-eh-item    \"  data-item-class=\"mkdf-eh-custom-9505\" data-1025-1366=\"0px 0px 0px 0px\" data-769-1024=\"0px 9px 0px 0px\" data-681-768=\"68px 50px 0px 0px\" data-680=\"66px 11px 0px 0px\">\n\t<div class=\"mkdf-eh-item-inner\">\n\t\t<div class=\"mkdf-eh-item-content mkdf-eh-custom-9505\" style=\"padding: 0px 30px 0px 37px\">\n\t\t\t<div class=\"mkdf-iwt clearfix   mkdf-iwt-icon-left mkdf-iwt-icon-medium\">\n\t<div class=\"mkdf-iwt-icon\">\n\t\t\t\t\t\t\t\t\t    <span class=\"mkdf-icon-shortcode mkdf-normal   mkdf-icon-medium\"  data-color=\"#ffffff\">\n                    <span aria-hidden=\"true\" class=\"mkdf-icon-linear-icons lnr lnr-history mkdf-icon-element\" style=\"color: #ffffff;font-size:30px\" ><\/span>            <\/span>\n\t\t\t\t\t\t<\/div>\n\t<div class=\"mkdf-iwt-content\" style=\"padding-left: 21px\">\n\t\t\t\t\t<h5 class=\"mkdf-iwt-title\" style=\"margin-top: 5px\">\n\t\t\t\t\t\t\t\t<span class=\"mkdf-iwt-title-text\">CUMP\u0102R\u0102TURI RAPIDE \u0218I ASISTEN\u021a\u0102 PROFESIONAL\u0102<\/span>\n\t\t\t\t\t\t\t<\/h5>\n\t\t\t\t\t\t\t<p class=\"mkdf-iwt-text\" style=\"margin-top: 17px\">Apreciem confortul dvs., prin urmare am accelerat \u0219i simplificat procesul de cump\u0103rare pentru confortul dvs. \u0219i, de asemenea, v\u0103 oferim suport de calitate.<\/p>\n\t\t\t<\/div>\n<\/div>\t\t<\/div>\n\t<\/div>\n<\/div><\/div>[\/vc_column][\/vc_row][vc_row][vc_column][vc_column_text]<\/p>\r\n<p>[\/vc_column_text][\/vc_column][\/vc_row][vc_row css=&#187;.vc_custom_1629445477494{padding-bottom: 50px !important;}&#187;][vc_column]<div class=\"mkdf-section-title-holder  \" style=\"text-align: center\">\n\t<div class=\"mkdf-st-inner\">\n\t\t\t\t\t\t\t<h2 class=\"mkdf-st-title\" >\n\t\t\t\tAlegerea etajului\t\t\t<\/h2>\n\t\t\t\t\t\t\t<div class=\"mkdf-st-line\"><\/div>\n\t\t\t\t\t\n\t\t\t\t\t<\/div>\n<\/div>[\/vc_column][\/vc_row][vc_row][vc_column][vc_column_text]<\/p>\r\n<p>[\/vc_column_text][\/vc_column][\/vc_row][vc_row css=&#187;.vc_custom_1632401219483{padding-bottom: 100px !important;}&#187;][vc_column]<div id=\"azh69ed37d5727f5\" class=\" vc_custom_1689343073687 \"><div data-post-id=\"20968\"><\/div><\/div>[vc_row_inner content_text_aligment=&#187;center&#187;][\/vc_row_inner][\/vc_column][\/vc_row][vc_row][vc_column][vc_column_text]<\/p>\r\n<p>[\/vc_column_text][\/vc_column][\/vc_row][vc_row css=&#187;.vc_custom_1629445477494{padding-bottom: 50px !important;}&#187;][vc_column]<div class=\"mkdf-section-title-holder  \" style=\"text-align: center\">\n\t<div class=\"mkdf-st-inner\">\n\t\t\t\t\t\t\t<h2 class=\"mkdf-st-title\" >\n\t\t\t\tGalerie\t\t\t<\/h2>\n\t\t\t\t\t\t\t<div class=\"mkdf-st-line\"><\/div>\n\t\t\t\t\t\n\t\t\t\t\t<\/div>\n<\/div>[\/vc_column][\/vc_row][vc_row css=&#187;.vc_custom_1629445477494{padding-bottom: 50px !important;}&#187;][vc_column]<div class=\"mkdf-image-gallery mkdf-grid-list mkdf-disable-bottom-space  mkdf-ig-grid-type mkdf-three-columns mkdf-small-space  mkdf-image-behavior-lightbox\">\n\t<div class=\"mkdf-ig-inner mkdf-outer-space\">\n\t\t\t\t\t<div class=\"mkdf-ig-image mkdf-item-space\">\n\t\t\t\t<div class=\"mkdf-ig-image-inner\">\n\t\t\t\t\t\t\t\t\t\t\t<a itemprop=\"image\" class=\"mkdf-ig-lightbox\" href=\"https:\/\/fillipartner.md\/v2023_ar\/wp-content\/uploads\/2023\/07\/unnamed-1-2.jpg\" data-rel=\"prettyPhoto[image_gallery_pretty_photo-207]\" title=\"unnamed 1\">\n\t\t\t\t\t\t\t\t\t\t\t<img loading=\"lazy\" decoding=\"async\" src=\"https:\/\/fillipartner.md\/v2023_ar\/wp-content\/uploads\/2023\/07\/unnamed-1-2-600x500.jpg\" alt=\"\" width=\"600\" height=\"500\" \/>\t\t\t\t\t\t\t\t\t\t\t<\/a>\n\t\t\t\t\t\t\t\t\t<\/div>\n\t\t\t<\/div>\n\t\t\t\t\t<div class=\"mkdf-ig-image mkdf-item-space\">\n\t\t\t\t<div class=\"mkdf-ig-image-inner\">\n\t\t\t\t\t\t\t\t\t\t\t<a itemprop=\"image\" class=\"mkdf-ig-lightbox\" href=\"https:\/\/fillipartner.md\/v2023_ar\/wp-content\/uploads\/2023\/07\/unnamed-2-2.jpg\" data-rel=\"prettyPhoto[image_gallery_pretty_photo-207]\" title=\"unnamed 2\">\n\t\t\t\t\t\t\t\t\t\t\t<img loading=\"lazy\" decoding=\"async\" src=\"https:\/\/fillipartner.md\/v2023_ar\/wp-content\/uploads\/2023\/07\/unnamed-2-2-600x500.jpg\" alt=\"\" width=\"600\" height=\"500\" \/>\t\t\t\t\t\t\t\t\t\t\t<\/a>\n\t\t\t\t\t\t\t\t\t<\/div>\n\t\t\t<\/div>\n\t\t\t\t\t<div class=\"mkdf-ig-image mkdf-item-space\">\n\t\t\t\t<div class=\"mkdf-ig-image-inner\">\n\t\t\t\t\t\t\t\t\t\t\t<a itemprop=\"image\" class=\"mkdf-ig-lightbox\" href=\"https:\/\/fillipartner.md\/v2023_ar\/wp-content\/uploads\/2023\/07\/unnamed-3-2.jpg\" data-rel=\"prettyPhoto[image_gallery_pretty_photo-207]\" title=\"unnamed 3\">\n\t\t\t\t\t\t\t\t\t\t\t<img loading=\"lazy\" decoding=\"async\" src=\"https:\/\/fillipartner.md\/v2023_ar\/wp-content\/uploads\/2023\/07\/unnamed-3-2-600x500.jpg\" alt=\"\" width=\"600\" height=\"500\" \/>\t\t\t\t\t\t\t\t\t\t\t<\/a>\n\t\t\t\t\t\t\t\t\t<\/div>\n\t\t\t<\/div>\n\t\t\t\t\t<div class=\"mkdf-ig-image mkdf-item-space\">\n\t\t\t\t<div class=\"mkdf-ig-image-inner\">\n\t\t\t\t\t\t\t\t\t\t\t<a itemprop=\"image\" class=\"mkdf-ig-lightbox\" href=\"https:\/\/fillipartner.md\/v2023_ar\/wp-content\/uploads\/2023\/07\/unnamed-4-2.jpg\" data-rel=\"prettyPhoto[image_gallery_pretty_photo-207]\" title=\"unnamed 4\">\n\t\t\t\t\t\t\t\t\t\t\t<img loading=\"lazy\" decoding=\"async\" src=\"https:\/\/fillipartner.md\/v2023_ar\/wp-content\/uploads\/2023\/07\/unnamed-4-2-600x500.jpg\" alt=\"\" width=\"600\" height=\"500\" \/>\t\t\t\t\t\t\t\t\t\t\t<\/a>\n\t\t\t\t\t\t\t\t\t<\/div>\n\t\t\t<\/div>\n\t\t\t\t\t<div class=\"mkdf-ig-image mkdf-item-space\">\n\t\t\t\t<div class=\"mkdf-ig-image-inner\">\n\t\t\t\t\t\t\t\t\t\t\t<a itemprop=\"image\" class=\"mkdf-ig-lightbox\" href=\"https:\/\/fillipartner.md\/v2023_ar\/wp-content\/uploads\/2023\/07\/unnamed-5-2.jpg\" data-rel=\"prettyPhoto[image_gallery_pretty_photo-207]\" title=\"unnamed 5\">\n\t\t\t\t\t\t\t\t\t\t\t<img loading=\"lazy\" decoding=\"async\" src=\"https:\/\/fillipartner.md\/v2023_ar\/wp-content\/uploads\/2023\/07\/unnamed-5-2-600x500.jpg\" alt=\"\" width=\"600\" height=\"500\" \/>\t\t\t\t\t\t\t\t\t\t\t<\/a>\n\t\t\t\t\t\t\t\t\t<\/div>\n\t\t\t<\/div>\n\t\t\t<\/div>\n<\/div>[\/vc_column][\/vc_row][vc_row][vc_column][vc_column_text]<\/p>\r\n<p>[\/vc_column_text][\/vc_column][\/vc_row][vc_row][vc_column][vc_column_text][\/vc_column_text][\/vc_column][\/vc_row][vc_row content_text_aligment=&#187;center&#187; parallax_background_image=&#187;922&#8243; css=&#187;.vc_custom_1628241380602{padding-top: 150px !important;padding-bottom: 150px !important;}&#187;][vc_column]<div class=\"mkdf-elements-holder   mkdf-one-column  mkdf-responsive-mode-768 \" ><div class=\"mkdf-eh-item    \"  data-item-class=\"mkdf-eh-custom-9765\" data-769-1024=\"0 5%\" data-681-768=\"0 5%\" data-680=\"0 40px\">\n\t<div class=\"mkdf-eh-item-inner\">\n\t\t<div class=\"mkdf-eh-item-content mkdf-eh-custom-9765\" >\n\t\t\t<\/p>\r\n<p>[vc_column_text css=&#187;.ih2{display: none;} @media only screen and (max-width: 700px) { .ih1{display:none;} .ih2{display: flex;}}&#187;]<\/p>\r\n<div>\r\n<h1 class=\"ih1\">Cauti un apartament sau un birou? Nu ezita\u021bi s\u0103 ne contacta\u021bi!<\/h1>\r\n<h2 class=\"ih2\">Cauti un apartament sau un birou? Nu ezita\u021bi s\u0103 ne contacta\u021bi!<\/h2>\r\n<\/div>\r\n<p>[\/vc_column_text]\t\t<\/div>\n\t<\/div>\n<\/div><\/div>[vc_empty_space]<a itemprop=\"url\" href=\"#\" target=\"_self\"  class=\"mkdf-btn mkdf-btn-medium mkdf-btn-solid popmake-10195\"  >\n\t\t\t<span class=\"mkdf-btn-border-holder\"><\/span>\n\t\t<span class=\"mkdf-btn-line-holder\"><\/span>\n\t\t<span class=\"mkdf-btn-text\">Aplica<\/span>\n    <\/a>[\/vc_column][\/vc_row][vc_row][vc_column][vc_column_text]<\/p>\r\n<p>\r\n\r\n<p>[\/vc_column_text][\/vc_column][\/vc_row][vc_row full_width=&#187;stretch_row_content&#187; content_placement=&#187;middle&#187; css=&#187;.vc_custom_1642157027268{padding-top: 50px !important;padding-right: 50px !important;padding-bottom: 50px !important;padding-left: 50px !important;}&#187; simple_background_color=&#187;#1c1c1c&#187;][vc_column width=&#187;1\/2&#8243;][vc_column_text]<\/p>\n<h3>BIROUL DE INFORMARE \u0218I V\u00c2NZARE CITY PLAZA<\/h3>\n<p><i class=\"fas fa-map-marker-alt\"><\/i> <a href=\"#\">str. Vasile Lupu 3B, mun.Ungheni<\/a><br \/><i class=\"fas fa-mobile\"><\/i> <a href=\"tel:+37379941111\">+373 79941111<\/a><br \/><i class=\"fas fa-envelope\"><\/i> <a href=\"mailto:info@fillipartner.md\">info@fillipartner.md<\/a><br \/><i class=\"fas fa-envelope\"><\/i> <a href=\"mailto:fillipartner@gmail.com\">fillipartner@gmail.com<\/a>[\/vc_column_text][vc_row_inner css=&#187;.vc_custom_1629453312408{padding-top: 25px !important;}&#187;][vc_column_inner]    <span class=\"mkdf-icon-shortcode mkdf-normal   \" style=\"margin: 0px 14px 0px 0px\" >\n                    <a itemprop=\"url\" class=\"\" href=\"https:\/\/www.facebook.com\/FilliPartner\" target=\"_blank\">\n                    <i class=\"mkdf-icon-font-awesome fab fa-facebook mkdf-icon-element\" style=\"font-size:16px\" ><\/i>                    <\/a>\n            <\/span>\n    <span class=\"mkdf-icon-shortcode mkdf-normal   \" style=\"margin: 0px 14px 0px 0px\" >\n                    <a itemprop=\"url\" class=\"\" href=\"https:\/\/www.instagram.com\/fillipartner\/\" target=\"_blank\">\n                    <i class=\"mkdf-icon-font-awesome fab fa-instagram mkdf-icon-element\" style=\"font-size:16px\" ><\/i>                    <\/a>\n            <\/span>\n    <span class=\"mkdf-icon-shortcode mkdf-normal   \"  >\n                    <a itemprop=\"url\" class=\"\" href=\"https:\/\/www.youtube.com\/channel\/UCdWbm87BTSTis-kMttGPaXQ\" target=\"_blank\">\n                    <i class=\"mkdf-icon-font-awesome fab fa-youtube mkdf-icon-element\" style=\"font-size:16px\" ><\/i>                    <\/a>\n            <\/span>\n[\/vc_column_inner][\/vc_row_inner][\/vc_column][vc_column width=&#187;1\/2&#8243;][vc_gmaps link=&#187;#E-8_JTNDaWZyYW1lJTIwc3JjJTNEJTIyaHR0cHMlM0ElMkYlMkZ3d3cuZ29vZ2xlLmNvbSUyRm1hcHMlMkZlbWJlZCUzRnBiJTNEJTIxMW0xOCUyMTFtMTIlMjExbTMlMjExZDI3MTAuMjI2NDYzMDE5MTA2NiUyMTJkMjcuODAxMTEwMjc1OTg4Mzg1JTIxM2Q0Ny4yMTIxNTEwMTUxMzM0OCUyMTJtMyUyMTFmMCUyMTJmMCUyMTNmMCUyMTNtMiUyMTFpMTAyNCUyMTJpNzY4JTIxNGYxMy4xJTIxM20zJTIxMW0yJTIxMXMweDQwY2IwMDNiNWRkMGE1Y2QlMjUzQTB4YmY1MjYwY2VjZjJiNzFkMyUyMTJ6Vm1GemFXeGxJRXgxY0hVZ015d2dWVzVuYUdWdWFTQXpOakF3TENEUW5OQy0wTHZRdE5DdzBMTFF1TkdQJTIxNWUwJTIxM20yJTIxMXNydSUyMTJzJTIxNHYxNjg5MDc4MDQ4NTY2JTIxNW0yJTIxMXNydSUyMTJzJTIyJTIwd2lkdGglM0QlMjI2MDAlMjIlMjBoZWlnaHQlM0QlMjI0NTAlMjIlMjBzdHlsZSUzRCUyMmJvcmRlciUzQTAlM0IlMjIlMjBhbGxvd2Z1bGxzY3JlZW4lM0QlMjIlMjIlMjBsb2FkaW5nJTNEJTIybGF6eSUyMiUyMHJlZmVycmVycG9saWN5JTNEJTIybm8tcmVmZXJyZXItd2hlbi1kb3duZ3JhZGUlMjIlM0UlM0MlMkZpZnJhbWUlM0U=&#187; size=&#187;&#187;][\/vc_column][\/vc_row]<\/p>\n","protected":false},"excerpt":{"rendered":"<p>[vc_row][vc_column][vc_column_text][\/vc_column_text][\/vc_column][\/vc_row][vc_row row_content_width=&#187;grid&#187; content_text_aligment=&#187;center&#187; css=&#187;.vc_custom_1628587138228{padding-top: 150px !important;}&#187;][vc_column][\/vc_column][\/vc_row][vc_row row_content_width=&#187;grid&#187; css=&#187;.vc_custom_1640255008935{padding-top: 75px !important;padding-bottom: 50px !important;}&#187;][vc_column offset=&#187;vc_col-lg-4 vc_col-md-4&#8243;][\/vc_column][vc_column offset=&#187;vc_col-lg-4 vc_col-md-4&#8243;][\/vc_column][vc_column offset=&#187;vc_col-lg-4 vc_col-md-4&#8243;][\/vc_column][\/vc_row][vc_row row_content_width=&#187;grid&#187; css=&#187;.vc_custom_1631198676303{padding-bottom: 142px !important;}&#187;][vc_column offset=&#187;vc_col-lg-4 vc_col-md-4&#8243;][\/vc_column][vc_column offset=&#187;vc_col-lg-4 vc_col-md-4&#8243;][\/vc_column][vc_column offset=&#187;vc_col-lg-4 vc_col-md-4&#8243;][\/vc_column][\/vc_row][vc_row][vc_column][vc_column_text] [\/vc_column_text][\/vc_column][\/vc_row][vc_row css=&#187;.vc_custom_1629445477494{padding-bottom: 50px !important;}&#187;][vc_column][\/vc_column][\/vc_row][vc_row][vc_column][vc_column_text] [\/vc_column_text][\/vc_column][\/vc_row][vc_row css=&#187;.vc_custom_1632401219483{padding-bottom: 100px !important;}&#187;][vc_column][vc_row_inner content_text_aligment=&#187;center&#187;][\/vc_row_inner][\/vc_column][\/vc_row][vc_row][vc_column][vc_column_text] [\/vc_column_text][\/vc_column][\/vc_row][vc_row css=&#187;.vc_custom_1629445477494{padding-bottom: 50px [&hellip;]<\/p>\n","protected":false},"author":1,"featured_media":0,"parent":0,"menu_order":0,"comment_status":"closed","ping_status":"closed","template":"full-width.php","meta":{"inline_featured_image":false,"footnotes":""},"class_list":["post-11919","page","type-page","status-publish","hentry"],"acf":[],"_links":{"self":[{"href":"https:\/\/fillipartner.md\/v2023_ar\/wp-json\/wp\/v2\/pages\/11919","targetHints":{"allow":["GET"]}}],"collection":[{"href":"https:\/\/fillipartner.md\/v2023_ar\/wp-json\/wp\/v2\/pages"}],"about":[{"href":"https:\/\/fillipartner.md\/v2023_ar\/wp-json\/wp\/v2\/types\/page"}],"author":[{"embeddable":true,"href":"https:\/\/fillipartner.md\/v2023_ar\/wp-json\/wp\/v2\/users\/1"}],"replies":[{"embeddable":true,"href":"https:\/\/fillipartner.md\/v2023_ar\/wp-json\/wp\/v2\/comments?post=11919"}],"version-history":[{"count":32,"href":"https:\/\/fillipartner.md\/v2023_ar\/wp-json\/wp\/v2\/pages\/11919\/revisions"}],"predecessor-version":[{"id":20973,"href":"https:\/\/fillipartner.md\/v2023_ar\/wp-json\/wp\/v2\/pages\/11919\/revisions\/20973"}],"wp:attachment":[{"href":"https:\/\/fillipartner.md\/v2023_ar\/wp-json\/wp\/v2\/media?parent=11919"}],"curies":[{"name":"wp","href":"https:\/\/api.w.org\/{rel}","templated":true}]}}