{"id":10064,"date":"2021-09-27T12:37:37","date_gmt":"2021-09-27T09:37:37","guid":{"rendered":"https:\/\/www.fillipartner.md\/?page_id=7125"},"modified":"2022-01-17T20:16:00","modified_gmt":"2022-01-17T17:16:00","slug":"operatiunea-iasi-ro","status":"publish","type":"page","link":"https:\/\/fillipartner.md\/v2023_ar\/operatiunea-iasi-ro\/","title":{"rendered":"Operatiunea Iasi"},"content":{"rendered":"<p>[vc_row content_placement=&#187;middle&#187; row_content_width=&#187;grid&#187; css=&#187;.vc_custom_1641384717095{padding-bottom: 100px !important;}&#187;][vc_column css=&#187;.vc_custom_1553513629755{padding-right: 0px !important;padding-left: 0px !important;}&#187; offset=&#187;vc_col-lg-6 vc_col-md-12&#8243;]<div class=\"mkdf-elements-holder   mkdf-two-columns  mkdf-responsive-mode-1024 \" ><div class=\"mkdf-eh-item    \"  data-item-class=\"mkdf-eh-custom-2717\">\n\t<div class=\"mkdf-eh-item-inner\">\n\t\t<div class=\"mkdf-eh-item-content mkdf-eh-custom-2717\" >\n\t\t\t[vc_column_text]<\/p>\n<h3>Despre complex<\/h3>\n<p>[\/vc_column_text][vc_empty_space height=&#187;13px&#187;][vc_column_text]TOWNHOUSE Operatiunea Iasi &#8212; Chisinau<\/p>\n<p>Ast\u0103zi este cea mai popular\u0103 destina\u021bie \u00een construc\u021bia suburban\u0103.Casele de acest tip sunt convenabile \u0219i interesante pentru oameni. \u00cencep\u00e2nd cu secolul al 19-lea, ele au fost transformate \u0219i transformate, transform\u00e2ndu-se \u00een noi forme arhitecturale.<\/p>\n<p>Stilul se caracterizeaz\u0103 prin utilizarea unor linii \u0219i forme simple, utilizarea frecvent\u0103 a elementelor \u0219i cubismului, pragmatismul \u00een planificarea spa\u021biului, utilizarea pe scar\u0103 larg\u0103 a sticlei, este o cas\u0103 modern\u0103, cu mult aer \u0219i mult\u0103 lumin\u0103. Un avantaj important al complexului este amplasarea \u0219i infrastructura dezvoltat\u0103.<\/p>\n<p>Situat \u00eentr-o zon\u0103 reziden\u021bial\u0103 lini\u0219tit\u0103, dar are, de asemenea, acces rapid la orice zon\u0103 a ora\u0219ului.[\/vc_column_text]\t\t<\/div>\n\t<\/div>\n<\/div><\/div>[\/vc_column][vc_column offset=&#187;vc_col-lg-6 vc_col-md-12&#8243;]<div class=\"mkdf-elements-holder   mkdf-two-columns  mkdf-responsive-mode-1024 \" ><div class=\"mkdf-eh-item    \"  data-item-class=\"mkdf-eh-custom-1221\">\n\t<div class=\"mkdf-eh-item-inner\">\n\t\t<div class=\"mkdf-eh-item-content mkdf-eh-custom-1221\" >\n\t\t\t<div class=\"mkdf-single-image-holder    \">\n    <div class=\"mkdf-si-inner\" >\n                                    <img loading=\"lazy\" decoding=\"async\" width=\"585\" height=\"329\" src=\"https:\/\/fillipartner.md\/v2023_ar\/wp-content\/uploads\/2021\/09\/iasi1.jpg\" class=\"attachment-full size-full\" alt=\"\" srcset=\"https:\/\/fillipartner.md\/v2023_ar\/wp-content\/uploads\/2021\/09\/iasi1.jpg 585w, https:\/\/fillipartner.md\/v2023_ar\/wp-content\/uploads\/2021\/09\/iasi1-300x169.jpg 300w\" sizes=\"auto, (max-width: 585px) 100vw, 585px\" \/>                        <\/div>\n<\/div>\t\t<\/div>\n\t<\/div>\n<\/div><\/div>[\/vc_column][\/vc_row][vc_row row_content_width=&#187;grid&#187; content_text_aligment=&#187;center&#187; css=&#187;.vc_custom_1628587138228{padding-top: 150px !important;}&#187;][vc_column]<div class=\"mkdf-section-title-holder  \" style=\"text-align: center\">\n\t<div class=\"mkdf-st-inner\">\n\t\t\t\t\t\t\t<h2 class=\"mkdf-st-title\" >\n\t\t\t\tAvantajele Operatiunea Iasi\t\t\t<\/h2>\n\t\t\t\t\t\t\t<div class=\"mkdf-st-line\"><\/div>\n\t\t\t\t\t\n\t\t\t\t\t<\/div>\n<\/div>[\/vc_column][\/vc_row][vc_row row_content_width=&#187;grid&#187; css=&#187;.vc_custom_1640255008935{padding-top: 75px !important;padding-bottom: 50px !important;}&#187;][vc_column width=&#187;1\/3&#8243; offset=&#187;vc_col-lg-4 vc_col-md-4&#8243;]<div class=\"mkdf-elements-holder   mkdf-one-column  mkdf-responsive-mode-768 \" ><div class=\"mkdf-eh-item    \"  data-item-class=\"mkdf-eh-custom-5220\" data-1025-1366=\"0px 0px 0px 0px\" data-769-1024=\"0px 2px 0px 13px\" data-681-768=\"0px 50px 0px 0px\" data-680=\"0px 11px 0px 0px\">\n\t<div class=\"mkdf-eh-item-inner\">\n\t\t<div class=\"mkdf-eh-item-content mkdf-eh-custom-5220\" style=\"padding: 0px 50px 0px 13px\">\n\t\t\t<div class=\"mkdf-iwt clearfix   mkdf-iwt-icon-left mkdf-iwt-icon-medium\">\n\t<div class=\"mkdf-iwt-icon\">\n\t\t\t\t\t\t\t\t\t    <span class=\"mkdf-icon-shortcode mkdf-normal   mkdf-icon-medium\"  data-color=\"#ffffff\">\n                    <span aria-hidden=\"true\" class=\"mkdf-icon-linear-icons lnr lnr-home mkdf-icon-element\" style=\"color: #ffffff;font-size:30px\" ><\/span>            <\/span>\n\t\t\t\t\t\t<\/div>\n\t<div class=\"mkdf-iwt-content\" style=\"padding-left: 21px\">\n\t\t\t\t\t<h5 class=\"mkdf-iwt-title\" style=\"margin-top: 5px\">\n\t\t\t\t\t\t\t\t<span class=\"mkdf-iwt-title-text\">Complexul nostru<\/span>\n\t\t\t\t\t\t\t<\/h5>\n\t\t\t\t\t\t\t<p class=\"mkdf-iwt-text\" style=\"margin-top: 17px\">Fiecare proiect se distinge prin atentia la detalii si design. Confortul familiei dumneavoastr\u0103 \u00een apartamentele noastre este cea mai bun\u0103 recompens\u0103 pentru noi.<\/p>\n\t\t\t<\/div>\n<\/div>\t\t<\/div>\n\t<\/div>\n<\/div><\/div>[\/vc_column][vc_column width=&#187;1\/3&#8243; offset=&#187;vc_col-lg-4 vc_col-md-4&#8243;]<div class=\"mkdf-elements-holder   mkdf-one-column  mkdf-responsive-mode-768 \" ><div class=\"mkdf-eh-item    \"  data-item-class=\"mkdf-eh-custom-8061\" data-1025-1366=\"0px 0px 0px 0px\" data-769-1024=\"0px 0px 0px 11px\" data-681-768=\"66px 50px 0px 0px\" data-680=\"66px 11px 0px 0px\">\n\t<div class=\"mkdf-eh-item-inner\">\n\t\t<div class=\"mkdf-eh-item-content mkdf-eh-custom-8061\" style=\"padding: 0px 30px 0px 33px\">\n\t\t\t<div class=\"mkdf-iwt clearfix   mkdf-iwt-icon-left mkdf-iwt-icon-medium\">\n\t<div class=\"mkdf-iwt-icon\">\n\t\t\t\t\t\t\t\t\t    <span class=\"mkdf-icon-shortcode mkdf-normal   mkdf-icon-medium\"  data-color=\"#ffffff\">\n                    <span aria-hidden=\"true\" class=\"mkdf-icon-linear-icons lnr lnr-apartment mkdf-icon-element\" style=\"color: #ffffff;font-size:30px\" ><\/span>            <\/span>\n\t\t\t\t\t\t<\/div>\n\t<div class=\"mkdf-iwt-content\" style=\"padding-left: 21px\">\n\t\t\t\t\t<h5 class=\"mkdf-iwt-title\" style=\"margin-top: 5px\">\n\t\t\t\t\t\t\t\t<span class=\"mkdf-iwt-title-text\">Design unic<\/span>\n\t\t\t\t\t\t\t<\/h5>\n\t\t\t\t\t\t\t<p class=\"mkdf-iwt-text\" style=\"margin-top: 17px\">Designul nostru difer\u0103 de alte complexe deoarece dorim s\u0103 oferim unicitate pe pia\u021b\u0103.<\/p>\n\t\t\t<\/div>\n<\/div>\t\t<\/div>\n\t<\/div>\n<\/div><\/div>[\/vc_column][vc_column width=&#187;1\/3&#8243;]<div class=\"mkdf-elements-holder   mkdf-one-column  mkdf-responsive-mode-768 \" ><div class=\"mkdf-eh-item    \"  data-item-class=\"mkdf-eh-custom-9187\" data-1025-1366=\"0px 0px 0px 0px\" data-769-1024=\"0px 2px 0px 13px\" data-681-768=\"0px 50px 0px 0px\" data-680=\"0px 11px 0px 0px\">\n\t<div class=\"mkdf-eh-item-inner\">\n\t\t<div class=\"mkdf-eh-item-content mkdf-eh-custom-9187\" style=\"padding: 0px 50px 0px 13px\">\n\t\t\t<div class=\"mkdf-iwt clearfix   mkdf-iwt-icon-left mkdf-iwt-icon-medium\">\n\t<div class=\"mkdf-iwt-icon\">\n\t\t\t\t\t\t\t\t\t    <span class=\"mkdf-icon-shortcode mkdf-normal   mkdf-icon-medium\"  data-color=\"#ffffff\">\n                    <span aria-hidden=\"true\" class=\"mkdf-icon-linear-icons lnr lnr-cog mkdf-icon-element\" style=\"color: #ffffff;font-size:30px\" ><\/span>            <\/span>\n\t\t\t\t\t\t<\/div>\n\t<div class=\"mkdf-iwt-content\" style=\"padding-left: 21px\">\n\t\t\t\t\t<h5 class=\"mkdf-iwt-title\" style=\"margin-top: 5px\">\n\t\t\t\t\t\t\t\t<span class=\"mkdf-iwt-title-text\">Materiale mai bune<\/span>\n\t\t\t\t\t\t\t<\/h5>\n\t\t\t\t\t\t\t<p class=\"mkdf-iwt-text\" style=\"margin-top: 17px\">Folosim materiale \u0219i tehnologii ecologice disponibile \u00een industria construc\u021biilor.<\/p>\n\t\t\t<\/div>\n<\/div>\t\t<\/div>\n\t<\/div>\n<\/div><\/div>[\/vc_column][\/vc_row][vc_row css=&#187;.vc_custom_1629445477494{padding-bottom: 50px !important;}&#187;][vc_column]<div class=\"mkdf-section-title-holder  \" style=\"text-align: center\">\n\t<div class=\"mkdf-st-inner\">\n\t\t\t\t\t\t\t<h2 class=\"mkdf-st-title\" >\n\t\t\t\tGalerie\t\t\t<\/h2>\n\t\t\t\t\t\t\t<div class=\"mkdf-st-line\"><\/div>\n\t\t\t\t\t\n\t\t\t\t\t<\/div>\n<\/div>[\/vc_column][\/vc_row][vc_row css=&#187;.vc_custom_1629445477494{padding-bottom: 50px !important;}&#187;][vc_column]<div class=\"mkdf-image-gallery mkdf-grid-list mkdf-disable-bottom-space  mkdf-ig-grid-type mkdf-three-columns mkdf-small-space  mkdf-image-behavior-lightbox\">\n\t<div class=\"mkdf-ig-inner mkdf-outer-space\">\n\t\t\t\t\t<div class=\"mkdf-ig-image mkdf-item-space\">\n\t\t\t\t<div class=\"mkdf-ig-image-inner\">\n\t\t\t\t\t\t\t\t\t\t\t<a itemprop=\"image\" class=\"mkdf-ig-lightbox\" href=\"https:\/\/fillipartner.md\/v2023_ar\/wp-content\/uploads\/2022\/01\/DJI_0315-scaled.jpg\" data-rel=\"prettyPhoto[image_gallery_pretty_photo-752]\" title=\"created by dji camera\">\n\t\t\t\t\t\t\t\t\t\t\t<img loading=\"lazy\" decoding=\"async\" src=\"https:\/\/fillipartner.md\/v2023_ar\/wp-content\/uploads\/2022\/01\/DJI_0315-scaled-600x500.jpg\" alt=\"\" width=\"600\" height=\"500\" \/>\t\t\t\t\t\t\t\t\t\t\t<\/a>\n\t\t\t\t\t\t\t\t\t<\/div>\n\t\t\t<\/div>\n\t\t\t\t\t<div class=\"mkdf-ig-image mkdf-item-space\">\n\t\t\t\t<div class=\"mkdf-ig-image-inner\">\n\t\t\t\t\t\t\t\t\t\t\t<a itemprop=\"image\" class=\"mkdf-ig-lightbox\" href=\"https:\/\/fillipartner.md\/v2023_ar\/wp-content\/uploads\/2022\/01\/DJI_0319-scaled.jpg\" data-rel=\"prettyPhoto[image_gallery_pretty_photo-752]\" title=\"created by dji camera\">\n\t\t\t\t\t\t\t\t\t\t\t<img loading=\"lazy\" decoding=\"async\" src=\"https:\/\/fillipartner.md\/v2023_ar\/wp-content\/uploads\/2022\/01\/DJI_0319-scaled-600x500.jpg\" alt=\"\" width=\"600\" height=\"500\" \/>\t\t\t\t\t\t\t\t\t\t\t<\/a>\n\t\t\t\t\t\t\t\t\t<\/div>\n\t\t\t<\/div>\n\t\t\t\t\t<div class=\"mkdf-ig-image mkdf-item-space\">\n\t\t\t\t<div class=\"mkdf-ig-image-inner\">\n\t\t\t\t\t\t\t\t\t\t\t<a itemprop=\"image\" class=\"mkdf-ig-lightbox\" href=\"https:\/\/fillipartner.md\/v2023_ar\/wp-content\/uploads\/2022\/01\/DJI_0323-scaled.jpg\" data-rel=\"prettyPhoto[image_gallery_pretty_photo-752]\" title=\"created by dji camera\">\n\t\t\t\t\t\t\t\t\t\t\t<img loading=\"lazy\" decoding=\"async\" src=\"https:\/\/fillipartner.md\/v2023_ar\/wp-content\/uploads\/2022\/01\/DJI_0323-scaled-600x500.jpg\" alt=\"\" width=\"600\" height=\"500\" \/>\t\t\t\t\t\t\t\t\t\t\t<\/a>\n\t\t\t\t\t\t\t\t\t<\/div>\n\t\t\t<\/div>\n\t\t\t\t\t<div class=\"mkdf-ig-image mkdf-item-space\">\n\t\t\t\t<div class=\"mkdf-ig-image-inner\">\n\t\t\t\t\t\t\t\t\t\t\t<a itemprop=\"image\" class=\"mkdf-ig-lightbox\" href=\"https:\/\/fillipartner.md\/v2023_ar\/wp-content\/uploads\/2022\/01\/DJI_0327-scaled.jpg\" data-rel=\"prettyPhoto[image_gallery_pretty_photo-752]\" title=\"created by dji camera\">\n\t\t\t\t\t\t\t\t\t\t\t<img loading=\"lazy\" decoding=\"async\" src=\"https:\/\/fillipartner.md\/v2023_ar\/wp-content\/uploads\/2022\/01\/DJI_0327-scaled-600x500.jpg\" alt=\"\" width=\"600\" height=\"500\" \/>\t\t\t\t\t\t\t\t\t\t\t<\/a>\n\t\t\t\t\t\t\t\t\t<\/div>\n\t\t\t<\/div>\n\t\t\t\t\t<div class=\"mkdf-ig-image mkdf-item-space\">\n\t\t\t\t<div class=\"mkdf-ig-image-inner\">\n\t\t\t\t\t\t\t\t\t\t\t<a itemprop=\"image\" class=\"mkdf-ig-lightbox\" href=\"https:\/\/fillipartner.md\/v2023_ar\/wp-content\/uploads\/2022\/01\/DJI_0328-scaled.jpg\" data-rel=\"prettyPhoto[image_gallery_pretty_photo-752]\" title=\"created by dji camera\">\n\t\t\t\t\t\t\t\t\t\t\t<img loading=\"lazy\" decoding=\"async\" src=\"https:\/\/fillipartner.md\/v2023_ar\/wp-content\/uploads\/2022\/01\/DJI_0328-scaled-600x500.jpg\" alt=\"\" width=\"600\" height=\"500\" \/>\t\t\t\t\t\t\t\t\t\t\t<\/a>\n\t\t\t\t\t\t\t\t\t<\/div>\n\t\t\t<\/div>\n\t\t\t\t\t<div class=\"mkdf-ig-image mkdf-item-space\">\n\t\t\t\t<div class=\"mkdf-ig-image-inner\">\n\t\t\t\t\t\t\t\t\t\t\t<a itemprop=\"image\" class=\"mkdf-ig-lightbox\" href=\"https:\/\/fillipartner.md\/v2023_ar\/wp-content\/uploads\/2022\/01\/DJI_0331-scaled.jpg\" data-rel=\"prettyPhoto[image_gallery_pretty_photo-752]\" title=\"created by dji camera\">\n\t\t\t\t\t\t\t\t\t\t\t<img loading=\"lazy\" decoding=\"async\" src=\"https:\/\/fillipartner.md\/v2023_ar\/wp-content\/uploads\/2022\/01\/DJI_0331-scaled-600x500.jpg\" alt=\"\" width=\"600\" height=\"500\" \/>\t\t\t\t\t\t\t\t\t\t\t<\/a>\n\t\t\t\t\t\t\t\t\t<\/div>\n\t\t\t<\/div>\n\t\t\t<\/div>\n<\/div>[\/vc_column][\/vc_row][vc_row content_text_aligment=&#187;center&#187; parallax_background_image=&#187;922&#8243; css=&#187;.vc_custom_1628241380602{padding-top: 150px !important;padding-bottom: 150px !important;}&#187;][vc_column]<div class=\"mkdf-elements-holder   mkdf-one-column  mkdf-responsive-mode-768 \" ><div class=\"mkdf-eh-item    \"  data-item-class=\"mkdf-eh-custom-4779\" data-769-1024=\"0 5%\" data-681-768=\"0 5%\" data-680=\"0 40px\">\n\t<div class=\"mkdf-eh-item-inner\">\n\t\t<div class=\"mkdf-eh-item-content mkdf-eh-custom-4779\" >\n\t\t\t[vc_column_text]<\/p>\n<h1>Cauti un apartament sau un birou? Nu ezita\u021bi s\u0103 ne contacta\u021bi!<\/h1>\n<p>[\/vc_column_text]\t\t<\/div>\n\t<\/div>\n<\/div><\/div>[vc_empty_space]<a itemprop=\"url\" href=\"#\" target=\"_self\"  class=\"mkdf-btn mkdf-btn-medium mkdf-btn-solid popmake-10195\"  >\n\t\t\t<span class=\"mkdf-btn-border-holder\"><\/span>\n\t\t<span class=\"mkdf-btn-line-holder\"><\/span>\n\t\t<span class=\"mkdf-btn-text\">Aplica<\/span>\n    <\/a>[\/vc_column][\/vc_row][vc_row full_width=&#187;stretch_row&#187; content_placement=&#187;middle&#187; css=&#187;.vc_custom_1640858307435{padding-top: 50px !important;padding-right: 50px !important;padding-bottom: 50px !important;padding-left: 50px !important;}&#187; simple_background_color=&#187;#1c1c1c&#187;][vc_column width=&#187;1\/2&#8243;][vc_column_text]<\/p>\n<h3>BIROU DE INFORMA\u021aII \u0218I V\u00c2NZ\u0102RI<\/h3>\n<p><a href=\"https:\/\/fp.be-adv.com\/kontakty\/#\">str.Sf.\u021a\u0103rii 27, of.4, mun.Chi\u0219in\u0103u<\/a><br \/>\n<i class=\"fas fa-mobile\"><\/i> <a href=\"tel:+37322237306\">+373 22 23 7306<\/a><br \/>\n<i class=\"fas fa-envelope\"><\/i> <a href=\"mailto:info@fillipartner.md\" target=\"_blank\" rel=\"noopener noreferrer\">info@fillipartner.md<\/a><br \/>\n<i class=\"fas fa-envelope\"><\/i> <a href=\"mailto:fillipartner@gmail.com\" target=\"_blank\" rel=\"noopener noreferrer\">fillipartner@gmail.com<\/a>[\/vc_column_text][vc_row_inner css=&#187;.vc_custom_1629453312408{padding-top: 25px !important;}&#187;][vc_column_inner]    <span class=\"mkdf-icon-shortcode mkdf-normal   \" style=\"margin: 0px 14px 0px 0px\" >\n                    <a itemprop=\"url\" class=\"\" href=\"#\" target=\"_blank\">\n                    <i class=\"mkdf-icon-font-awesome fab fa-facebook mkdf-icon-element\" style=\"font-size:16px\" ><\/i>                    <\/a>\n            <\/span>\n    <span class=\"mkdf-icon-shortcode mkdf-normal   \" style=\"margin: 0px 14px 0px 0px\" >\n                    <a itemprop=\"url\" class=\"\" href=\"#\" target=\"_blank\">\n                    <i class=\"mkdf-icon-font-awesome fab fa-instagram mkdf-icon-element\" style=\"font-size:16px\" ><\/i>                    <\/a>\n            <\/span>\n    <span class=\"mkdf-icon-shortcode mkdf-normal   \"  >\n                    <a itemprop=\"url\" class=\"\" href=\"#\" target=\"_blank\">\n                    <i class=\"mkdf-icon-font-awesome fab fa-youtube mkdf-icon-element\" style=\"font-size:16px\" ><\/i>                    <\/a>\n            <\/span>\n[\/vc_column_inner][\/vc_row_inner][\/vc_column][vc_column width=&#187;1\/2&#8243;][vc_gmaps link=&#187;#E-8_JTNDaWZyYW1lJTIwc3JjJTNEJTIyaHR0cHMlM0ElMkYlMkZ3d3cuZ29vZ2xlLmNvbSUyRm1hcHMlMkZlbWJlZCUzRnBiJTNEJTIxMW0xOCUyMTFtMTIlMjExbTMlMjExZDY3OS45Mjk0NzIxMTA1OTYzJTIxMmQyOC44MjIyNDk5MjkyNDI1MSUyMTNkNDcuMDI2MTQyMzEyODgwNTk0JTIxMm0zJTIxMWYwJTIxMmYwJTIxM2YwJTIxM20yJTIxMWkxMDI0JTIxMmk3NjglMjE0ZjEzLjElMjEzbTMlMjExbTIlMjExczB4NDBjOTdkY2M2ZTkyODRhYiUyNTNBMHg0NDUyNWRjMWRhNGVmNTg3JTIxMnpRVWRQSUVSaFkybGhMQ0JUZEhKaFpHRWdVMlpoZEhWc0lNaWF4SU55YVdrZ01qY3NJRU5vYWNpWmFXN0VnM1VnTWpBeE1pd2dUVzlzWkc5MllRJTIxNWUwJTIxM20yJTIxMXNybyUyMTJzJTIxNHYxNjQwMDk5MjMzNzQ0JTIxNW0yJTIxMXNybyUyMTJzJTIyJTIwd2lkdGglM0QlMjI2MDAlMjIlMjBoZWlnaHQlM0QlMjI0NTAlMjIlMjBzdHlsZSUzRCUyMmJvcmRlciUzQTAlM0IlMjIlMjBhbGxvd2Z1bGxzY3JlZW4lM0QlMjIlMjIlMjBsb2FkaW5nJTNEJTIybGF6eSUyMiUzRSUzQyUyRmlmcmFtZSUzRQ==&#187; size=&#187;&#187;][\/vc_column][\/vc_row]<\/p>\n","protected":false},"excerpt":{"rendered":"<p>[vc_row content_placement=&#187;middle&#187; row_content_width=&#187;grid&#187; css=&#187;.vc_custom_1641384717095{padding-bottom: 100px !important;}&#187;][vc_column css=&#187;.vc_custom_1553513629755{padding-right: 0px !important;padding-left: 0px !important;}&#187; offset=&#187;vc_col-lg-6 vc_col-md-12&#8243;][\/vc_column][vc_column offset=&#187;vc_col-lg-6 vc_col-md-12&#8243;][\/vc_column][\/vc_row][vc_row row_content_width=&#187;grid&#187; content_text_aligment=&#187;center&#187; css=&#187;.vc_custom_1628587138228{padding-top: 150px !important;}&#187;][vc_column][\/vc_column][\/vc_row][vc_row row_content_width=&#187;grid&#187; css=&#187;.vc_custom_1640255008935{padding-top: 75px !important;padding-bottom: 50px !important;}&#187;][vc_column width=&#187;1\/3&#8243; offset=&#187;vc_col-lg-4 vc_col-md-4&#8243;][\/vc_column][vc_column width=&#187;1\/3&#8243; offset=&#187;vc_col-lg-4 vc_col-md-4&#8243;][\/vc_column][vc_column width=&#187;1\/3&#8243;][\/vc_column][\/vc_row][vc_row css=&#187;.vc_custom_1629445477494{padding-bottom: 50px !important;}&#187;][vc_column][\/vc_column][\/vc_row][vc_row css=&#187;.vc_custom_1629445477494{padding-bottom: 50px !important;}&#187;][vc_column][\/vc_column][\/vc_row][vc_row content_text_aligment=&#187;center&#187; [&hellip;]<\/p>\n","protected":false},"author":1,"featured_media":0,"parent":0,"menu_order":0,"comment_status":"closed","ping_status":"closed","template":"full-width.php","meta":{"inline_featured_image":false,"footnotes":""},"class_list":["post-10064","page","type-page","status-publish","hentry"],"acf":[],"_links":{"self":[{"href":"https:\/\/fillipartner.md\/v2023_ar\/wp-json\/wp\/v2\/pages\/10064","targetHints":{"allow":["GET"]}}],"collection":[{"href":"https:\/\/fillipartner.md\/v2023_ar\/wp-json\/wp\/v2\/pages"}],"about":[{"href":"https:\/\/fillipartner.md\/v2023_ar\/wp-json\/wp\/v2\/types\/page"}],"author":[{"embeddable":true,"href":"https:\/\/fillipartner.md\/v2023_ar\/wp-json\/wp\/v2\/users\/1"}],"replies":[{"embeddable":true,"href":"https:\/\/fillipartner.md\/v2023_ar\/wp-json\/wp\/v2\/comments?post=10064"}],"version-history":[{"count":5,"href":"https:\/\/fillipartner.md\/v2023_ar\/wp-json\/wp\/v2\/pages\/10064\/revisions"}],"predecessor-version":[{"id":10681,"href":"https:\/\/fillipartner.md\/v2023_ar\/wp-json\/wp\/v2\/pages\/10064\/revisions\/10681"}],"wp:attachment":[{"href":"https:\/\/fillipartner.md\/v2023_ar\/wp-json\/wp\/v2\/media?parent=10064"}],"curies":[{"name":"wp","href":"https:\/\/api.w.org\/{rel}","templated":true}]}}